{"id":66,"date":"2021-08-07T16:01:50","date_gmt":"2021-08-07T15:01:50","guid":{"rendered":"http:\/\/nunam.ch\/?page_id=66"},"modified":"2025-02-11T03:59:46","modified_gmt":"2025-02-11T02:59:46","slug":"retraites","status":"publish","type":"page","link":"https:\/\/nunam.ch\/fr\/retraites\/","title":{"rendered":"Yoga &#038; coaching retreats"},"content":{"rendered":"<p class=\"has-text-align-center script white-text xl-title\">Previous retreats <\/p>\n\n\n\n<div style=\"height:32px\" aria-hidden=\"true\" class=\"wp-block-spacer\"><\/div>\n\n\n\n<div class=\"wp-block-columns is-layout-flex wp-container-core-columns-is-layout-9d6595d7 wp-block-columns-is-layout-flex\">\n<div class=\"wp-block-column is-layout-flow wp-block-column-is-layout-flow\" style=\"flex-basis:5%\"><\/div>\n\n\n\n<div class=\"wp-block-column is-layout-flow wp-block-column-is-layout-flow\">\n<h2 class=\"wp-block-heading m-title red lovelace\">Unwind &amp; Release <br>24-25-26 Feb 2023 <\/h2>\n\n\n\n<p><br>This retreat was an invitation to unwind the knots and release the blockages. It was a safe space to dive deep into your mind, body and emotions to support your growth.&nbsp;&nbsp;Yoga and coaching psychology were dancing together to cleanse your being from what doesn&#8217;t serve you anymore.<\/p>\n\n\n\n<h3 class=\"wp-block-heading\"><br><\/h3>\n<\/div>\n\n\n\n<div class=\"wp-block-column is-layout-flow wp-block-column-is-layout-flow\" style=\"flex-basis:30%\">\n<div style=\"height:29px\" aria-hidden=\"true\" class=\"wp-block-spacer\"><\/div>\n\n\n\n<figure class=\"wp-block-embed is-type-video is-provider-vimeo wp-block-embed-vimeo wp-embed-aspect-16-9 wp-has-aspect-ratio\"><div class=\"wp-block-embed__wrapper\">\n<iframe loading=\"lazy\" title=\"RETREAT 2023.mp4\" src=\"https:\/\/player.vimeo.com\/video\/808297718?h=300a8f0327&amp;dnt=1&amp;app_id=122963\" width=\"525\" height=\"295\" frameborder=\"0\" allow=\"autoplay; fullscreen; picture-in-picture; clipboard-write\"><\/iframe>\n<\/div><\/figure>\n<\/div>\n\n\n\n<div class=\"wp-block-column is-layout-flow wp-block-column-is-layout-flow\" style=\"flex-basis:25%\"><\/div>\n<\/div>\n\n\n\n<div style=\"height:100px\" aria-hidden=\"true\" class=\"wp-block-spacer\"><\/div>\n\n\n\n<div class=\"wp-block-columns is-layout-flex wp-container-core-columns-is-layout-9d6595d7 wp-block-columns-is-layout-flex\">\n<div class=\"wp-block-column is-layout-flow wp-block-column-is-layout-flow\" style=\"flex-basis:25%\"><\/div>\n\n\n\n<div class=\"wp-block-column is-layout-flow wp-block-column-is-layout-flow\" style=\"flex-basis:25%\">\n<figure class=\"wp-block-image size-full is-style-default\"><img loading=\"lazy\" decoding=\"async\" width=\"768\" height=\"512\" src=\"https:\/\/nunam.ch\/wp-content\/uploads\/2023\/01\/WhatsApp-Image-2023-01-16-at-13.48.49-edited.jpeg\" alt=\"\" class=\"wp-image-1599\" srcset=\"https:\/\/nunam.ch\/wp-content\/uploads\/2023\/01\/WhatsApp-Image-2023-01-16-at-13.48.49-edited.jpeg 768w, https:\/\/nunam.ch\/wp-content\/uploads\/2023\/01\/WhatsApp-Image-2023-01-16-at-13.48.49-edited-300x200.jpeg 300w, https:\/\/nunam.ch\/wp-content\/uploads\/2023\/01\/WhatsApp-Image-2023-01-16-at-13.48.49-edited-18x12.jpeg 18w, https:\/\/nunam.ch\/wp-content\/uploads\/2023\/01\/WhatsApp-Image-2023-01-16-at-13.48.49-edited-250x167.jpeg 250w, https:\/\/nunam.ch\/wp-content\/uploads\/2023\/01\/WhatsApp-Image-2023-01-16-at-13.48.49-edited-350x233.jpeg 350w\" sizes=\"auto, (max-width: 706px) 89vw, (max-width: 767px) 82vw, 740px\" \/><\/figure>\n\n\n\n<p><a href=\"https:\/\/www.instagram.com\/chopndchange\/\">https:\/\/www.instagram.com\/chopndchange\/<\/a><\/p>\n<\/div>\n\n\n\n<div class=\"wp-block-column is-layout-flow wp-block-column-is-layout-flow\">\n<h3 class=\"wp-block-heading\">The talented Juliette prepared good vegan dishes<\/h3>\n\n\n\n<div style=\"height:25px\" aria-hidden=\"true\" class=\"wp-block-spacer\"><\/div>\n\n\n\n<blockquote class=\"wp-block-quote is-layout-flow wp-block-quote-is-layout-flow\">\n<p>\"Je m'appelle Juliette et je me suis lanc\u00e9e dans la cuisine v\u00e9g\u00e9tale alors que j'\u00e9tudiais les sciences de l'environnement. Depuis, j'ai travaill\u00e9 comme cheffe de cuisine di\u00e9t\u00e9tique, cheffe p\u00e2tissi\u00e8re, j'ai \u00e9labor\u00e9 mes propres recettes et j'ai obtenu un dipl\u00f4me au CNM ; actuellement, j'organise des retraites et des \u00e9v\u00e9nements priv\u00e9s, ce que j'adore.\"<\/p>\n<\/blockquote>\n\n\n\n<h3 class=\"wp-block-heading letter-space s-title uppercase montserrat heavy-weight light-grey\"><br><\/h3>\n<\/div>\n\n\n\n<div class=\"wp-block-column is-layout-flow wp-block-column-is-layout-flow\" style=\"flex-basis:5%\"><\/div>\n<\/div>\n\n\n\n<div class=\"wp-block-columns is-layout-flex wp-container-core-columns-is-layout-9d6595d7 wp-block-columns-is-layout-flex\">\n<div class=\"wp-block-column is-layout-flow wp-block-column-is-layout-flow\" style=\"flex-basis:5%\"><\/div>\n\n\n\n<div class=\"wp-block-column is-layout-flow wp-block-column-is-layout-flow\">\n<h3 class=\"wp-block-heading m-title grey lovelace\">Gallery<\/h3>\n\n\n\n<figure class=\"wp-block-gallery has-nested-images columns-3 is-cropped wp-block-gallery-1 is-layout-flex wp-block-gallery-is-layout-flex\">\n<figure class=\"wp-block-image size-medium\"><img loading=\"lazy\" decoding=\"async\" width=\"500\" height=\"375\" data-id=\"5915\" src=\"https:\/\/nunam.ch\/wp-content\/uploads\/2024\/01\/nunam_retreat2023-019-1-500x375.jpg\" alt=\"\" class=\"wp-image-5915\" srcset=\"https:\/\/nunam.ch\/wp-content\/uploads\/2024\/01\/nunam_retreat2023-019-1-500x375.jpg 500w, https:\/\/nunam.ch\/wp-content\/uploads\/2024\/01\/nunam_retreat2023-019-1-768x577.jpg 768w, https:\/\/nunam.ch\/wp-content\/uploads\/2024\/01\/nunam_retreat2023-019-1-16x12.jpg 16w, https:\/\/nunam.ch\/wp-content\/uploads\/2024\/01\/nunam_retreat2023-019-1-250x188.jpg 250w, https:\/\/nunam.ch\/wp-content\/uploads\/2024\/01\/nunam_retreat2023-019-1-350x263.jpg 350w, https:\/\/nunam.ch\/wp-content\/uploads\/2024\/01\/nunam_retreat2023-019-1.jpg 1024w\" sizes=\"auto, (max-width: 500px) 100vw, 500px\" \/><\/figure>\n\n\n\n<figure class=\"wp-block-image size-medium\"><img loading=\"lazy\" decoding=\"async\" width=\"500\" height=\"375\" data-id=\"5916\" src=\"https:\/\/nunam.ch\/wp-content\/uploads\/2024\/01\/nunam_retreat2023-075-500x375.jpg\" alt=\"\" class=\"wp-image-5916\" srcset=\"https:\/\/nunam.ch\/wp-content\/uploads\/2024\/01\/nunam_retreat2023-075-500x375.jpg 500w, https:\/\/nunam.ch\/wp-content\/uploads\/2024\/01\/nunam_retreat2023-075-768x577.jpg 768w, https:\/\/nunam.ch\/wp-content\/uploads\/2024\/01\/nunam_retreat2023-075-16x12.jpg 16w, https:\/\/nunam.ch\/wp-content\/uploads\/2024\/01\/nunam_retreat2023-075-250x188.jpg 250w, https:\/\/nunam.ch\/wp-content\/uploads\/2024\/01\/nunam_retreat2023-075-350x263.jpg 350w, https:\/\/nunam.ch\/wp-content\/uploads\/2024\/01\/nunam_retreat2023-075.jpg 1024w\" sizes=\"auto, (max-width: 500px) 100vw, 500px\" \/><\/figure>\n\n\n\n<figure class=\"wp-block-image size-medium\"><img loading=\"lazy\" decoding=\"async\" width=\"375\" height=\"500\" data-id=\"5917\" src=\"https:\/\/nunam.ch\/wp-content\/uploads\/2024\/01\/nunam_retreat2023-080-375x500.jpg\" alt=\"\" class=\"wp-image-5917\" srcset=\"https:\/\/nunam.ch\/wp-content\/uploads\/2024\/01\/nunam_retreat2023-080-375x500.jpg 375w, https:\/\/nunam.ch\/wp-content\/uploads\/2024\/01\/nunam_retreat2023-080-9x12.jpg 9w, https:\/\/nunam.ch\/wp-content\/uploads\/2024\/01\/nunam_retreat2023-080-250x333.jpg 250w, https:\/\/nunam.ch\/wp-content\/uploads\/2024\/01\/nunam_retreat2023-080-350x466.jpg 350w, https:\/\/nunam.ch\/wp-content\/uploads\/2024\/01\/nunam_retreat2023-080.jpg 769w\" sizes=\"auto, (max-width: 375px) 100vw, 375px\" \/><\/figure>\n\n\n\n<figure class=\"wp-block-image size-medium is-style-default\"><img loading=\"lazy\" decoding=\"async\" width=\"500\" height=\"375\" data-id=\"5918\" src=\"https:\/\/nunam.ch\/wp-content\/uploads\/2024\/01\/nunam_retreat2023-028-500x375.jpg\" alt=\"\" class=\"wp-image-5918\" srcset=\"https:\/\/nunam.ch\/wp-content\/uploads\/2024\/01\/nunam_retreat2023-028-500x375.jpg 500w, https:\/\/nunam.ch\/wp-content\/uploads\/2024\/01\/nunam_retreat2023-028-768x577.jpg 768w, https:\/\/nunam.ch\/wp-content\/uploads\/2024\/01\/nunam_retreat2023-028-16x12.jpg 16w, https:\/\/nunam.ch\/wp-content\/uploads\/2024\/01\/nunam_retreat2023-028-250x188.jpg 250w, https:\/\/nunam.ch\/wp-content\/uploads\/2024\/01\/nunam_retreat2023-028-350x263.jpg 350w, https:\/\/nunam.ch\/wp-content\/uploads\/2024\/01\/nunam_retreat2023-028.jpg 1024w\" sizes=\"auto, (max-width: 500px) 100vw, 500px\" \/><\/figure>\n\n\n\n<figure class=\"wp-block-image size-medium\"><img loading=\"lazy\" decoding=\"async\" width=\"500\" height=\"375\" data-id=\"5920\" src=\"https:\/\/nunam.ch\/wp-content\/uploads\/2024\/01\/nunam_retreat2023-094-500x375.jpg\" alt=\"\" class=\"wp-image-5920\" srcset=\"https:\/\/nunam.ch\/wp-content\/uploads\/2024\/01\/nunam_retreat2023-094-500x375.jpg 500w, https:\/\/nunam.ch\/wp-content\/uploads\/2024\/01\/nunam_retreat2023-094-768x577.jpg 768w, https:\/\/nunam.ch\/wp-content\/uploads\/2024\/01\/nunam_retreat2023-094-16x12.jpg 16w, https:\/\/nunam.ch\/wp-content\/uploads\/2024\/01\/nunam_retreat2023-094-250x188.jpg 250w, https:\/\/nunam.ch\/wp-content\/uploads\/2024\/01\/nunam_retreat2023-094-350x263.jpg 350w, https:\/\/nunam.ch\/wp-content\/uploads\/2024\/01\/nunam_retreat2023-094.jpg 1024w\" sizes=\"auto, (max-width: 500px) 100vw, 500px\" \/><\/figure>\n<\/figure>\n<\/div>\n\n\n\n<div class=\"wp-block-column is-layout-flow wp-block-column-is-layout-flow\" style=\"flex-basis:25%\"><\/div>\n<\/div>\n\n\n\n<div style=\"height:66px\" aria-hidden=\"true\" class=\"wp-block-spacer\"><\/div>\n\n\n\n<hr class=\"wp-block-separator has-alpha-channel-opacity\"\/>\n\n\n\n<div style=\"height:66px\" aria-hidden=\"true\" class=\"wp-block-spacer\"><\/div>\n\n\n\n<div class=\"wp-block-columns is-layout-flex wp-container-core-columns-is-layout-9d6595d7 wp-block-columns-is-layout-flex\">\n<div class=\"wp-block-column is-layout-flow wp-block-column-is-layout-flow\" style=\"flex-basis:5%\"><\/div>\n\n\n\n<div class=\"wp-block-column is-layout-flow wp-block-column-is-layout-flow\">\n<h2 class=\"wp-block-heading m-title red lovelace\">Peace &amp; Space retreat 2021 <\/h2>\n\n\n\n<p>En Septembre 2021 nous avons lancer Nunam avec une retraite de yoga et de coaching! C'\u00e9tait un moment magique hors du temps. Merci beaucoup \u00e0 toutes les participantes pour ce merveilleux partage!\nKeep shining bright \u2728<\/p>\n\n\n\n<h3 class=\"wp-block-heading\"><br><\/h3>\n<\/div>\n\n\n\n<div class=\"wp-block-column is-layout-flow wp-block-column-is-layout-flow\" style=\"flex-basis:30%\">\n<div style=\"height:29px\" aria-hidden=\"true\" class=\"wp-block-spacer\"><\/div>\n\n\n\n<figure class=\"wp-block-embed is-type-video is-provider-vimeo wp-block-embed-vimeo wp-embed-aspect-16-9 wp-has-aspect-ratio\"><div class=\"wp-block-embed__wrapper\">\n<iframe loading=\"lazy\" title=\"Peace &amp; Space - Nunam&#039;s retreat 2021\" src=\"https:\/\/player.vimeo.com\/video\/787912402?h=d8292e45db&amp;dnt=1&amp;app_id=122963\" width=\"525\" height=\"295\" frameborder=\"0\" allow=\"autoplay; fullscreen; picture-in-picture; clipboard-write\"><\/iframe>\n<\/div><\/figure>\n<\/div>\n\n\n\n<div class=\"wp-block-column is-layout-flow wp-block-column-is-layout-flow\" style=\"flex-basis:25%\"><\/div>\n<\/div>\n\n\n\n<div style=\"height:40px\" aria-hidden=\"true\" class=\"wp-block-spacer\"><\/div>\n\n\n\n<div class=\"wp-block-columns is-layout-flex wp-container-core-columns-is-layout-9d6595d7 wp-block-columns-is-layout-flex\">\n<div class=\"wp-block-column is-layout-flow wp-block-column-is-layout-flow\" style=\"flex-basis:25%\"><\/div>\n\n\n\n<div class=\"wp-block-column is-layout-flow wp-block-column-is-layout-flow\">\n<h3 class=\"wp-block-heading m-title grey lovelace\">Gallery<\/h3>\n\n\n\n<figure class=\"wp-block-gallery has-nested-images columns-default is-cropped wp-block-gallery-2 is-layout-flex wp-block-gallery-is-layout-flex\">\n<figure class=\"wp-block-image size-large\"><img loading=\"lazy\" decoding=\"async\" width=\"1024\" height=\"682\" data-id=\"1553\" src=\"https:\/\/nunam.ch\/wp-content\/uploads\/2023\/01\/retreat-4-1024x682.jpg\" alt=\"\" class=\"wp-image-1553\" srcset=\"https:\/\/nunam.ch\/wp-content\/uploads\/2023\/01\/retreat-4-1024x682.jpg 1024w, https:\/\/nunam.ch\/wp-content\/uploads\/2023\/01\/retreat-4-300x200.jpg 300w, https:\/\/nunam.ch\/wp-content\/uploads\/2023\/01\/retreat-4-768x512.jpg 768w, https:\/\/nunam.ch\/wp-content\/uploads\/2023\/01\/retreat-4-1536x1024.jpg 1536w, https:\/\/nunam.ch\/wp-content\/uploads\/2023\/01\/retreat-4-18x12.jpg 18w, https:\/\/nunam.ch\/wp-content\/uploads\/2023\/01\/retreat-4-250x167.jpg 250w, https:\/\/nunam.ch\/wp-content\/uploads\/2023\/01\/retreat-4-350x233.jpg 350w, https:\/\/nunam.ch\/wp-content\/uploads\/2023\/01\/retreat-4.jpg 2000w\" sizes=\"auto, (max-width: 706px) 89vw, (max-width: 767px) 82vw, 740px\" \/><\/figure>\n\n\n\n<figure class=\"wp-block-image size-large\"><img loading=\"lazy\" decoding=\"async\" width=\"1024\" height=\"682\" data-id=\"1559\" src=\"https:\/\/nunam.ch\/wp-content\/uploads\/2023\/01\/retreat-28-1024x682.jpg\" alt=\"\" class=\"wp-image-1559\" srcset=\"https:\/\/nunam.ch\/wp-content\/uploads\/2023\/01\/retreat-28-1024x682.jpg 1024w, https:\/\/nunam.ch\/wp-content\/uploads\/2023\/01\/retreat-28-300x200.jpg 300w, https:\/\/nunam.ch\/wp-content\/uploads\/2023\/01\/retreat-28-768x512.jpg 768w, https:\/\/nunam.ch\/wp-content\/uploads\/2023\/01\/retreat-28-1536x1024.jpg 1536w, https:\/\/nunam.ch\/wp-content\/uploads\/2023\/01\/retreat-28-18x12.jpg 18w, https:\/\/nunam.ch\/wp-content\/uploads\/2023\/01\/retreat-28-250x167.jpg 250w, https:\/\/nunam.ch\/wp-content\/uploads\/2023\/01\/retreat-28-350x233.jpg 350w, https:\/\/nunam.ch\/wp-content\/uploads\/2023\/01\/retreat-28.jpg 2000w\" sizes=\"auto, (max-width: 706px) 89vw, (max-width: 767px) 82vw, 740px\" \/><\/figure>\n\n\n\n<figure class=\"wp-block-image size-large\"><img loading=\"lazy\" decoding=\"async\" width=\"1024\" height=\"682\" data-id=\"1564\" src=\"https:\/\/nunam.ch\/wp-content\/uploads\/2023\/01\/retreat-61-1024x682.jpg\" alt=\"\" class=\"wp-image-1564\" srcset=\"https:\/\/nunam.ch\/wp-content\/uploads\/2023\/01\/retreat-61-1024x682.jpg 1024w, https:\/\/nunam.ch\/wp-content\/uploads\/2023\/01\/retreat-61-300x200.jpg 300w, https:\/\/nunam.ch\/wp-content\/uploads\/2023\/01\/retreat-61-768x512.jpg 768w, https:\/\/nunam.ch\/wp-content\/uploads\/2023\/01\/retreat-61-1536x1024.jpg 1536w, https:\/\/nunam.ch\/wp-content\/uploads\/2023\/01\/retreat-61-18x12.jpg 18w, https:\/\/nunam.ch\/wp-content\/uploads\/2023\/01\/retreat-61-250x167.jpg 250w, https:\/\/nunam.ch\/wp-content\/uploads\/2023\/01\/retreat-61-350x233.jpg 350w, https:\/\/nunam.ch\/wp-content\/uploads\/2023\/01\/retreat-61.jpg 2000w\" sizes=\"auto, (max-width: 706px) 89vw, (max-width: 767px) 82vw, 740px\" \/><\/figure>\n\n\n\n<figure class=\"wp-block-image size-large\"><img loading=\"lazy\" decoding=\"async\" width=\"1024\" height=\"682\" data-id=\"1565\" src=\"https:\/\/nunam.ch\/wp-content\/uploads\/2023\/01\/retreat-64-1024x682.jpg\" alt=\"\" class=\"wp-image-1565\" srcset=\"https:\/\/nunam.ch\/wp-content\/uploads\/2023\/01\/retreat-64-1024x682.jpg 1024w, https:\/\/nunam.ch\/wp-content\/uploads\/2023\/01\/retreat-64-300x200.jpg 300w, https:\/\/nunam.ch\/wp-content\/uploads\/2023\/01\/retreat-64-768x512.jpg 768w, https:\/\/nunam.ch\/wp-content\/uploads\/2023\/01\/retreat-64-1536x1024.jpg 1536w, https:\/\/nunam.ch\/wp-content\/uploads\/2023\/01\/retreat-64-18x12.jpg 18w, https:\/\/nunam.ch\/wp-content\/uploads\/2023\/01\/retreat-64-250x167.jpg 250w, https:\/\/nunam.ch\/wp-content\/uploads\/2023\/01\/retreat-64-350x233.jpg 350w, https:\/\/nunam.ch\/wp-content\/uploads\/2023\/01\/retreat-64.jpg 2000w\" sizes=\"auto, (max-width: 706px) 89vw, (max-width: 767px) 82vw, 740px\" \/><\/figure>\n\n\n\n<figure class=\"wp-block-image size-large\"><img loading=\"lazy\" decoding=\"async\" width=\"1024\" height=\"682\" data-id=\"1561\" src=\"https:\/\/nunam.ch\/wp-content\/uploads\/2023\/01\/retreat-47-1024x682.jpg\" alt=\"\" class=\"wp-image-1561\" srcset=\"https:\/\/nunam.ch\/wp-content\/uploads\/2023\/01\/retreat-47-1024x682.jpg 1024w, https:\/\/nunam.ch\/wp-content\/uploads\/2023\/01\/retreat-47-300x200.jpg 300w, https:\/\/nunam.ch\/wp-content\/uploads\/2023\/01\/retreat-47-768x512.jpg 768w, https:\/\/nunam.ch\/wp-content\/uploads\/2023\/01\/retreat-47-1536x1024.jpg 1536w, https:\/\/nunam.ch\/wp-content\/uploads\/2023\/01\/retreat-47-18x12.jpg 18w, https:\/\/nunam.ch\/wp-content\/uploads\/2023\/01\/retreat-47-250x167.jpg 250w, https:\/\/nunam.ch\/wp-content\/uploads\/2023\/01\/retreat-47-350x233.jpg 350w, https:\/\/nunam.ch\/wp-content\/uploads\/2023\/01\/retreat-47.jpg 2000w\" sizes=\"auto, (max-width: 706px) 89vw, (max-width: 767px) 82vw, 740px\" \/><\/figure>\n<\/figure>\n<\/div>\n\n\n\n<div class=\"wp-block-column is-layout-flow wp-block-column-is-layout-flow\" style=\"flex-basis:5%\"><\/div>\n<\/div>","protected":false},"excerpt":{"rendered":"<p>Previous retreats Unwind &amp; Release 24-25-26 Feb 2023 This retreat was an invitation to unwind the knots and release the blockages. It was a safe space to dive deep into your mind, body and emotions to support your growth.&nbsp;&nbsp;Yoga and coaching psychology were dancing together to cleanse your being from what doesn&#8217;t serve you anymore. &hellip; <\/p>\n<p class=\"link-more\"><a href=\"https:\/\/nunam.ch\/fr\/retraites\/\" class=\"more-link\">Continuer la lecture<span class=\"screen-reader-text\"> de &laquo;&nbsp;Yoga &#038; coaching retreats&nbsp;&raquo;<\/span><\/a><\/p>","protected":false},"author":25,"featured_media":0,"parent":0,"menu_order":0,"comment_status":"closed","ping_status":"closed","template":"page-full-width.php","meta":{"footnotes":""},"folder":[97],"class_list":["post-66","page","type-page","status-publish","hentry"],"yoast_head":"<!-- This site is optimized with the Yoast SEO plugin v27.4 - https:\/\/yoast.com\/product\/yoast-seo-wordpress\/ -->\n<title>Yoga &#038; coaching retreats - Nunam<\/title>\n<meta name=\"description\" content=\"The hosting of coaching and yoga retreats is an integral part of the tools that nunam offers to improve your well-being.\" \/>\n<meta name=\"robots\" content=\"index, follow, max-snippet:-1, max-image-preview:large, max-video-preview:-1\" \/>\n<link rel=\"canonical\" href=\"https:\/\/nunam.ch\/fr\/retraites\/\" \/>\n<meta property=\"og:locale\" content=\"fr_FR\" \/>\n<meta property=\"og:type\" content=\"article\" \/>\n<meta property=\"og:title\" content=\"Yoga &#038; coaching retreats - Nunam\" \/>\n<meta property=\"og:description\" content=\"The hosting of coaching and yoga retreats is an integral part of the tools that nunam offers to improve your well-being.\" \/>\n<meta property=\"og:url\" content=\"https:\/\/nunam.ch\/fr\/retraites\/\" \/>\n<meta property=\"og:site_name\" content=\"Nunam\" \/>\n<meta property=\"article:modified_time\" content=\"2025-02-11T02:59:46+00:00\" \/>\n<meta property=\"og:image\" content=\"https:\/\/nunam.ch\/wp-content\/uploads\/2023\/01\/WhatsApp-Image-2023-01-16-at-13.48.49-edited.jpeg\" \/>\n\t<meta property=\"og:image:width\" content=\"768\" \/>\n\t<meta property=\"og:image:height\" content=\"512\" \/>\n\t<meta property=\"og:image:type\" content=\"image\/jpeg\" \/>\n<meta name=\"twitter:card\" content=\"summary_large_image\" \/>\n<meta name=\"twitter:label1\" content=\"Dur\u00e9e de lecture estim\u00e9e\" \/>\n\t<meta name=\"twitter:data1\" content=\"3 minutes\" \/>\n<script type=\"application\/ld+json\" class=\"yoast-schema-graph\">{\"@context\":\"https:\\\/\\\/schema.org\",\"@graph\":[{\"@type\":\"WebPage\",\"@id\":\"https:\\\/\\\/nunam.ch\\\/retreats\\\/\",\"url\":\"https:\\\/\\\/nunam.ch\\\/retreats\\\/\",\"name\":\"Yoga &#038; coaching retreats - Nunam\",\"isPartOf\":{\"@id\":\"https:\\\/\\\/nunam.ch\\\/fr\\\/#website\"},\"primaryImageOfPage\":{\"@id\":\"https:\\\/\\\/nunam.ch\\\/retreats\\\/#primaryimage\"},\"image\":{\"@id\":\"https:\\\/\\\/nunam.ch\\\/retreats\\\/#primaryimage\"},\"thumbnailUrl\":\"https:\\\/\\\/nunam.ch\\\/wp-content\\\/uploads\\\/2023\\\/01\\\/WhatsApp-Image-2023-01-16-at-13.48.49-edited.jpeg\",\"datePublished\":\"2021-08-07T15:01:50+00:00\",\"dateModified\":\"2025-02-11T02:59:46+00:00\",\"description\":\"The hosting of coaching and yoga retreats is an integral part of the tools that nunam offers to improve your well-being.\",\"breadcrumb\":{\"@id\":\"https:\\\/\\\/nunam.ch\\\/retreats\\\/#breadcrumb\"},\"inLanguage\":\"fr-FR\",\"potentialAction\":[{\"@type\":\"ReadAction\",\"target\":[\"https:\\\/\\\/nunam.ch\\\/retreats\\\/\"]}]},{\"@type\":\"ImageObject\",\"inLanguage\":\"fr-FR\",\"@id\":\"https:\\\/\\\/nunam.ch\\\/retreats\\\/#primaryimage\",\"url\":\"https:\\\/\\\/nunam.ch\\\/wp-content\\\/uploads\\\/2023\\\/01\\\/WhatsApp-Image-2023-01-16-at-13.48.49-edited.jpeg\",\"contentUrl\":\"https:\\\/\\\/nunam.ch\\\/wp-content\\\/uploads\\\/2023\\\/01\\\/WhatsApp-Image-2023-01-16-at-13.48.49-edited.jpeg\"},{\"@type\":\"BreadcrumbList\",\"@id\":\"https:\\\/\\\/nunam.ch\\\/retreats\\\/#breadcrumb\",\"itemListElement\":[{\"@type\":\"ListItem\",\"position\":1,\"name\":\"Home\",\"item\":\"https:\\\/\\\/nunam.ch\\\/\"},{\"@type\":\"ListItem\",\"position\":2,\"name\":\"Yoga &#038; coaching retreats\"}]},{\"@type\":\"WebSite\",\"@id\":\"https:\\\/\\\/nunam.ch\\\/fr\\\/#website\",\"url\":\"https:\\\/\\\/nunam.ch\\\/fr\\\/\",\"name\":\"Nunam\",\"description\":\"a journey to growth\",\"publisher\":{\"@id\":\"https:\\\/\\\/nunam.ch\\\/fr\\\/#organization\"},\"alternateName\":\"Nunam\",\"potentialAction\":[{\"@type\":\"SearchAction\",\"target\":{\"@type\":\"EntryPoint\",\"urlTemplate\":\"https:\\\/\\\/nunam.ch\\\/fr\\\/?s={search_term_string}\"},\"query-input\":{\"@type\":\"PropertyValueSpecification\",\"valueRequired\":true,\"valueName\":\"search_term_string\"}}],\"inLanguage\":\"fr-FR\"},{\"@type\":\"Organization\",\"@id\":\"https:\\\/\\\/nunam.ch\\\/fr\\\/#organization\",\"name\":\"Nunam\",\"url\":\"https:\\\/\\\/nunam.ch\\\/fr\\\/\",\"logo\":{\"@type\":\"ImageObject\",\"inLanguage\":\"fr-FR\",\"@id\":\"https:\\\/\\\/nunam.ch\\\/fr\\\/#\\\/schema\\\/logo\\\/image\\\/\",\"url\":\"https:\\\/\\\/nunam.ch\\\/wp-content\\\/uploads\\\/2021\\\/12\\\/Logo-newsletter.png\",\"contentUrl\":\"https:\\\/\\\/nunam.ch\\\/wp-content\\\/uploads\\\/2021\\\/12\\\/Logo-newsletter.png\",\"width\":2000,\"height\":785,\"caption\":\"Nunam\"},\"image\":{\"@id\":\"https:\\\/\\\/nunam.ch\\\/fr\\\/#\\\/schema\\\/logo\\\/image\\\/\"},\"sameAs\":[\"https:\\\/\\\/www.instagram.com\\\/nunamtogrowth\\\/\"]}]}<\/script>\n<!-- \/ Yoast SEO plugin. -->","yoast_head_json":{"title":"Yoga &#038; coaching retreats - Nunam","description":"The hosting of coaching and yoga retreats is an integral part of the tools that nunam offers to improve your well-being.","robots":{"index":"index","follow":"follow","max-snippet":"max-snippet:-1","max-image-preview":"max-image-preview:large","max-video-preview":"max-video-preview:-1"},"canonical":"https:\/\/nunam.ch\/fr\/retraites\/","og_locale":"fr_FR","og_type":"article","og_title":"Yoga &#038; coaching retreats - Nunam","og_description":"The hosting of coaching and yoga retreats is an integral part of the tools that nunam offers to improve your well-being.","og_url":"https:\/\/nunam.ch\/fr\/retraites\/","og_site_name":"Nunam","article_modified_time":"2025-02-11T02:59:46+00:00","og_image":[{"width":768,"height":512,"url":"https:\/\/nunam.ch\/wp-content\/uploads\/2023\/01\/WhatsApp-Image-2023-01-16-at-13.48.49-edited.jpeg","type":"image\/jpeg"}],"twitter_card":"summary_large_image","twitter_misc":{"Dur\u00e9e de lecture estim\u00e9e":"3 minutes"},"schema":{"@context":"https:\/\/schema.org","@graph":[{"@type":"WebPage","@id":"https:\/\/nunam.ch\/retreats\/","url":"https:\/\/nunam.ch\/retreats\/","name":"Yoga &#038; coaching retreats - Nunam","isPartOf":{"@id":"https:\/\/nunam.ch\/fr\/#website"},"primaryImageOfPage":{"@id":"https:\/\/nunam.ch\/retreats\/#primaryimage"},"image":{"@id":"https:\/\/nunam.ch\/retreats\/#primaryimage"},"thumbnailUrl":"https:\/\/nunam.ch\/wp-content\/uploads\/2023\/01\/WhatsApp-Image-2023-01-16-at-13.48.49-edited.jpeg","datePublished":"2021-08-07T15:01:50+00:00","dateModified":"2025-02-11T02:59:46+00:00","description":"The hosting of coaching and yoga retreats is an integral part of the tools that nunam offers to improve your well-being.","breadcrumb":{"@id":"https:\/\/nunam.ch\/retreats\/#breadcrumb"},"inLanguage":"fr-FR","potentialAction":[{"@type":"ReadAction","target":["https:\/\/nunam.ch\/retreats\/"]}]},{"@type":"ImageObject","inLanguage":"fr-FR","@id":"https:\/\/nunam.ch\/retreats\/#primaryimage","url":"https:\/\/nunam.ch\/wp-content\/uploads\/2023\/01\/WhatsApp-Image-2023-01-16-at-13.48.49-edited.jpeg","contentUrl":"https:\/\/nunam.ch\/wp-content\/uploads\/2023\/01\/WhatsApp-Image-2023-01-16-at-13.48.49-edited.jpeg"},{"@type":"BreadcrumbList","@id":"https:\/\/nunam.ch\/retreats\/#breadcrumb","itemListElement":[{"@type":"ListItem","position":1,"name":"Home","item":"https:\/\/nunam.ch\/"},{"@type":"ListItem","position":2,"name":"Yoga &#038; coaching retreats"}]},{"@type":"WebSite","@id":"https:\/\/nunam.ch\/fr\/#website","url":"https:\/\/nunam.ch\/fr\/","name":"Nunam","description":"a journey to growth","publisher":{"@id":"https:\/\/nunam.ch\/fr\/#organization"},"alternateName":"Nunam","potentialAction":[{"@type":"SearchAction","target":{"@type":"EntryPoint","urlTemplate":"https:\/\/nunam.ch\/fr\/?s={search_term_string}"},"query-input":{"@type":"PropertyValueSpecification","valueRequired":true,"valueName":"search_term_string"}}],"inLanguage":"fr-FR"},{"@type":"Organization","@id":"https:\/\/nunam.ch\/fr\/#organization","name":"Nunam","url":"https:\/\/nunam.ch\/fr\/","logo":{"@type":"ImageObject","inLanguage":"fr-FR","@id":"https:\/\/nunam.ch\/fr\/#\/schema\/logo\/image\/","url":"https:\/\/nunam.ch\/wp-content\/uploads\/2021\/12\/Logo-newsletter.png","contentUrl":"https:\/\/nunam.ch\/wp-content\/uploads\/2021\/12\/Logo-newsletter.png","width":2000,"height":785,"caption":"Nunam"},"image":{"@id":"https:\/\/nunam.ch\/fr\/#\/schema\/logo\/image\/"},"sameAs":["https:\/\/www.instagram.com\/nunamtogrowth\/"]}]}},"_links":{"self":[{"href":"https:\/\/nunam.ch\/fr\/wp-json\/wp\/v2\/pages\/66","targetHints":{"allow":["GET"]}}],"collection":[{"href":"https:\/\/nunam.ch\/fr\/wp-json\/wp\/v2\/pages"}],"about":[{"href":"https:\/\/nunam.ch\/fr\/wp-json\/wp\/v2\/types\/page"}],"author":[{"embeddable":true,"href":"https:\/\/nunam.ch\/fr\/wp-json\/wp\/v2\/users\/25"}],"replies":[{"embeddable":true,"href":"https:\/\/nunam.ch\/fr\/wp-json\/wp\/v2\/comments?post=66"}],"version-history":[{"count":42,"href":"https:\/\/nunam.ch\/fr\/wp-json\/wp\/v2\/pages\/66\/revisions"}],"predecessor-version":[{"id":5934,"href":"https:\/\/nunam.ch\/fr\/wp-json\/wp\/v2\/pages\/66\/revisions\/5934"}],"wp:attachment":[{"href":"https:\/\/nunam.ch\/fr\/wp-json\/wp\/v2\/media?parent=66"}],"wp:term":[{"taxonomy":"folder","embeddable":true,"href":"https:\/\/nunam.ch\/fr\/wp-json\/wp\/v2\/folder?post=66"}],"curies":[{"name":"wp","href":"https:\/\/api.w.org\/{rel}","templated":true}]}}