{"id":8608,"date":"2025-02-23T11:51:42","date_gmt":"2025-02-23T10:51:42","guid":{"rendered":"https:\/\/nunam.ch\/?page_id=8608"},"modified":"2026-02-06T12:21:13","modified_gmt":"2026-02-06T11:21:13","slug":"workshops","status":"publish","type":"page","link":"https:\/\/nunam.ch\/fr\/workshops\/","title":{"rendered":"Ateliers"},"content":{"rendered":"<p class=\"has-text-align-center script white-text xl-title\">Future events<\/p>\n\n\n\n<div style=\"height:58px\" aria-hidden=\"true\" class=\"wp-block-spacer\"><\/div>\n\n\n\n<div class=\"wp-block-columns is-layout-flex wp-container-core-columns-is-layout-9d6595d7 wp-block-columns-is-layout-flex\">\n<div class=\"wp-block-column is-layout-flow wp-block-column-is-layout-flow\" style=\"flex-basis:10%\"><\/div>\n\n\n\n<div class=\"wp-block-column is-layout-flow wp-block-column-is-layout-flow\">\n<h2 class=\"wp-block-heading m-title red lovelace\">Yoga &amp; C\u00e9ramique<\/h2>\n\n\n\n<div style=\"height:25px\" aria-hidden=\"true\" class=\"wp-block-spacer\"><\/div>\n\n\n\n<h3 class=\"wp-block-heading letter-space s-title uppercase montserrat heavy-weight light-grey\">Dimanche 1er mars <br>de 13h \u00e0 17h <br>\u00e0 Montreux.<\/h3>\n\n\n\n<div style=\"height:25px\" aria-hidden=\"true\" class=\"wp-block-spacer\"><\/div>\n\n\n\n<p>Viens prendre soin de ton corps et ton esprit !<br>Atelier yoga &amp; c\u00e9ramique avec du th\u00e9 et p\u00e2tisseries.<br>Un \u00e9v\u00e9nement valou ceramics &amp; nunam \u2728<\/p>\n\n\n\n<div style=\"height:56px\" aria-hidden=\"true\" class=\"wp-block-spacer\"><\/div>\n\n\n\n<div class=\"wp-block-buttons is-content-justification-center is-layout-flex wp-container-core-buttons-is-layout-16018d1d wp-block-buttons-is-layout-flex\">\n<div class=\"wp-block-button home-buttons\"><a class=\"wp-block-button__link wp-element-button\" href=\"https:\/\/www.momoyoga.com\/nunam\/event\/3a501a5f-d7fe-40b0-848e-47bc6597ce3b\">R\u00e9serve ta place !<\/a><\/div>\n<\/div>\n<\/div>\n\n\n\n<div class=\"wp-block-column is-layout-flow wp-block-column-is-layout-flow\" style=\"flex-basis:30%\">\n<figure class=\"wp-block-image size-full\"><img loading=\"lazy\" decoding=\"async\" width=\"960\" height=\"1200\" src=\"https:\/\/nunam.ch\/wp-content\/uploads\/2026\/02\/WhatsApp-Image-2026-02-06-at-10.40.30-1.jpeg\" alt=\"yoga ceramique valou ceramics\" class=\"wp-image-9384\" srcset=\"https:\/\/nunam.ch\/wp-content\/uploads\/2026\/02\/WhatsApp-Image-2026-02-06-at-10.40.30-1.jpeg 960w, https:\/\/nunam.ch\/wp-content\/uploads\/2026\/02\/WhatsApp-Image-2026-02-06-at-10.40.30-1-400x500.jpeg 400w, https:\/\/nunam.ch\/wp-content\/uploads\/2026\/02\/WhatsApp-Image-2026-02-06-at-10.40.30-1-768x960.jpeg 768w, https:\/\/nunam.ch\/wp-content\/uploads\/2026\/02\/WhatsApp-Image-2026-02-06-at-10.40.30-1-10x12.jpeg 10w, https:\/\/nunam.ch\/wp-content\/uploads\/2026\/02\/WhatsApp-Image-2026-02-06-at-10.40.30-1-250x313.jpeg 250w, https:\/\/nunam.ch\/wp-content\/uploads\/2026\/02\/WhatsApp-Image-2026-02-06-at-10.40.30-1-350x438.jpeg 350w\" sizes=\"auto, (max-width: 706px) 89vw, (max-width: 767px) 82vw, 740px\" \/><\/figure>\n\n\n\n<p class=\"has-text-align-center xs-title heavy-weight light-grey uppercase montserrat\"><a href=\"http:\/\/valouceramics.com\/\">valou ceramics<\/a><\/p>\n<\/div>\n\n\n\n<div class=\"wp-block-column is-layout-flow wp-block-column-is-layout-flow\" style=\"flex-basis:20%\"><\/div>\n<\/div>\n\n\n\n<div style=\"height:30px\" aria-hidden=\"true\" class=\"wp-block-spacer\"><\/div>\n\n\n\n<p class=\"has-text-align-center script white-text xl-title\">Previous events <\/p>\n\n\n\n<div style=\"height:16px\" aria-hidden=\"true\" class=\"wp-block-spacer\"><\/div>\n\n\n\n<div class=\"wp-block-columns is-layout-flex wp-container-core-columns-is-layout-9d6595d7 wp-block-columns-is-layout-flex\">\n<div class=\"wp-block-column is-layout-flow wp-block-column-is-layout-flow\" style=\"flex-basis:5%\"><\/div>\n\n\n\n<div class=\"wp-block-column is-layout-flow wp-block-column-is-layout-flow\">\n<h2 class=\"wp-block-heading m-title red lovelace\"><strong>Yoga &amp; Sauna<\/strong> : Soir\u00e9e self-care<\/h2>\n\n\n\n<div style=\"height:25px\" aria-hidden=\"true\" class=\"wp-block-spacer\"><\/div>\n\n\n\n<h3 class=\"wp-block-heading letter-space s-title uppercase montserrat heavy-weight light-grey\">Samedi, 22 mars 2025 <br>\u00e0 Steam on the Water, Maladaire<\/h3>\n\n\n\n<div style=\"height:25px\" aria-hidden=\"true\" class=\"wp-block-spacer\"><\/div>\n\n\n\n<p>Rejoins-moi pour une soir\u00e9e self-care cozy avec yoga, sauna et snacks, de 18h30 \u00e0 22h.<\/p>\n\n\n\n<div style=\"height:15px\" aria-hidden=\"true\" class=\"wp-block-spacer\"><\/div>\n\n\n\n<p>Rendez-vous \u00e0 18h30 pour une s\u00e9ance de vinyasa yoga dans la magnifique yourte de Steam on the Water.<br>Ensuite, profite pleinement de la chaleur et de l\u2019atmosph\u00e8re apaisante du sauna privatis\u00e9. Entre deux sessions, tu pourras plonger dans l\u2019eau glac\u00e9e du lac, savourer des snacks faits maison, lire, dessiner, discuter, m\u00e9diter\u2026 ou juste te d\u00e9tendre.<br>\u00c0 21h, nous cl\u00f4turerons la soir\u00e9e avec une session douce de yin yoga et de yoga restauratif pour une relaxation profonde.<\/p>\n<\/div>\n\n\n\n<div class=\"wp-block-column is-layout-flow wp-block-column-is-layout-flow\">\n<div class=\"wp-block-cover\"><img loading=\"lazy\" decoding=\"async\" width=\"1920\" height=\"1080\" class=\"wp-block-cover__image-background wp-image-8598\" alt=\"\" src=\"https:\/\/nunam.ch\/wp-content\/uploads\/2025\/02\/20231219-20231219_085151-1536x864-1.jpg\" data-object-fit=\"cover\" srcset=\"https:\/\/nunam.ch\/wp-content\/uploads\/2025\/02\/20231219-20231219_085151-1536x864-1.jpg 1920w, https:\/\/nunam.ch\/wp-content\/uploads\/2025\/02\/20231219-20231219_085151-1536x864-1-500x281.jpg 500w, https:\/\/nunam.ch\/wp-content\/uploads\/2025\/02\/20231219-20231219_085151-1536x864-1-768x432.jpg 768w, https:\/\/nunam.ch\/wp-content\/uploads\/2025\/02\/20231219-20231219_085151-1536x864-1-1536x864.jpg 1536w, https:\/\/nunam.ch\/wp-content\/uploads\/2025\/02\/20231219-20231219_085151-1536x864-1-18x10.jpg 18w, https:\/\/nunam.ch\/wp-content\/uploads\/2025\/02\/20231219-20231219_085151-1536x864-1-250x141.jpg 250w, https:\/\/nunam.ch\/wp-content\/uploads\/2025\/02\/20231219-20231219_085151-1536x864-1-350x197.jpg 350w\" sizes=\"auto, (max-width: 706px) 89vw, (max-width: 767px) 82vw, 740px\" \/><span aria-hidden=\"true\" class=\"wp-block-cover__background has-background-dim\"><\/span><div class=\"wp-block-cover__inner-container is-layout-flow wp-block-cover-is-layout-flow\">\n<p class=\"has-text-align-center script white-text has-large-font-size\">Une soir\u00e9e toute douce pleine de mouvements, de chaleur et de relaxation<br> rien que pour toi !&nbsp;<\/p>\n<\/div><\/div>\n\n\n\n<div style=\"height:4px\" aria-hidden=\"true\" class=\"wp-block-spacer\"><\/div>\n\n\n\n<p class=\"has-text-align-center xs-title heavy-weight light-grey uppercase montserrat\"><a href=\"https:\/\/sauna-steam.ch\/decouvrir-mala\/\">sauna-steam.ch<\/a><\/p>\n\n\n\n<div style=\"height:19px\" aria-hidden=\"true\" class=\"wp-block-spacer\"><\/div>\n<\/div>\n\n\n\n<div class=\"wp-block-column is-layout-flow wp-block-column-is-layout-flow\" style=\"flex-basis:5%\"><\/div>\n<\/div>\n\n\n\n<div style=\"height:30px\" aria-hidden=\"true\" class=\"wp-block-spacer\"><\/div>\n\n\n\n<hr class=\"wp-block-separator has-alpha-channel-opacity\"\/>\n\n\n\n<div style=\"height:100px\" aria-hidden=\"true\" class=\"wp-block-spacer\"><\/div>\n\n\n\n<div class=\"wp-block-columns is-layout-flex wp-container-core-columns-is-layout-9d6595d7 wp-block-columns-is-layout-flex\">\n<div class=\"wp-block-column is-layout-flow wp-block-column-is-layout-flow\" style=\"flex-basis:5%\"><\/div>\n\n\n\n<div class=\"wp-block-column is-layout-flow wp-block-column-is-layout-flow\" style=\"flex-basis:5%\"><\/div>\n\n\n\n<div class=\"wp-block-column is-layout-flow wp-block-column-is-layout-flow\">\n<h2 class=\"wp-block-heading m-title red lovelace\">Atelier yoga et coaching<br> avec Coline et Shanon<\/h2>\n\n\n\n<div style=\"height:25px\" aria-hidden=\"true\" class=\"wp-block-spacer\"><\/div>\n\n\n\n<h3 class=\"wp-block-heading letter-space s-title uppercase montserrat heavy-weight light-grey\"><strong>12 Novembre 2023 &#8211; Arsen\u2019alt &#8211; Fribourg&nbsp;<\/strong><\/h3>\n\n\n\n<div style=\"height:25px\" aria-hidden=\"true\" class=\"wp-block-spacer\"><\/div>\n\n\n\n<p>Une journ\u00e9e qui r\u00e9chauffe le corps et le coeur. Une journ\u00e9e aussi r\u00e9confortante qu\u2019un pumpkin spice latte tout chaud. Une journ\u00e9e qui se veut comme un cocon, avec des bougies, du th\u00e9 aux \u00e9pices d\u2019automne mais surtout un espace s\u00e9curisant et bienveillant pour revenir \u00e0 toi, t\u2019\u00e9couter et laisser la place \u00e0 ton ressenti.&nbsp;<br><br>Organis\u00e9e avec <a href=\"https:\/\/www.instagram.com\/leyogasurmonchemin\/\">Coline Cattin<\/a> .<\/p>\n<\/div>\n\n\n\n<div class=\"wp-block-column is-layout-flow wp-block-column-is-layout-flow\" style=\"flex-basis:25%\">\n<figure class=\"wp-block-image size-large\"><img loading=\"lazy\" decoding=\"async\" width=\"576\" height=\"1024\" src=\"https:\/\/nunam.ch\/wp-content\/uploads\/2023\/10\/Add-a-heading-1-576x1024.png\" alt=\"\" class=\"wp-image-3822\" style=\"object-fit:cover\" srcset=\"https:\/\/nunam.ch\/wp-content\/uploads\/2023\/10\/Add-a-heading-1-576x1024.png 576w, https:\/\/nunam.ch\/wp-content\/uploads\/2023\/10\/Add-a-heading-1-169x300.png 169w, https:\/\/nunam.ch\/wp-content\/uploads\/2023\/10\/Add-a-heading-1-768x1365.png 768w, https:\/\/nunam.ch\/wp-content\/uploads\/2023\/10\/Add-a-heading-1-864x1536.png 864w, https:\/\/nunam.ch\/wp-content\/uploads\/2023\/10\/Add-a-heading-1-7x12.png 7w, https:\/\/nunam.ch\/wp-content\/uploads\/2023\/10\/Add-a-heading-1-250x444.png 250w, https:\/\/nunam.ch\/wp-content\/uploads\/2023\/10\/Add-a-heading-1-350x622.png 350w, https:\/\/nunam.ch\/wp-content\/uploads\/2023\/10\/Add-a-heading-1.png 1080w\" sizes=\"auto, (max-width: 576px) 100vw, 576px\" \/><\/figure>\n<\/div>\n\n\n\n<div class=\"wp-block-column is-layout-flow wp-block-column-is-layout-flow\" style=\"flex-basis:20%\"><\/div>\n<\/div>\n\n\n\n<div style=\"height:30px\" aria-hidden=\"true\" class=\"wp-block-spacer\"><\/div>\n\n\n\n<hr class=\"wp-block-separator has-alpha-channel-opacity\"\/>\n\n\n\n<div style=\"height:100px\" aria-hidden=\"true\" class=\"wp-block-spacer\"><\/div>\n\n\n\n<div class=\"wp-block-columns is-layout-flex wp-container-core-columns-is-layout-9d6595d7 wp-block-columns-is-layout-flex\">\n<div class=\"wp-block-column is-layout-flow wp-block-column-is-layout-flow\" style=\"flex-basis:25%\"><\/div>\n\n\n\n<div class=\"wp-block-column is-layout-flow wp-block-column-is-layout-flow\">\n<h2 class=\"wp-block-heading m-title red lovelace\">Une journ\u00e9e pour s'\u00e9panouir<\/h2>\n\n\n\n<div style=\"height:25px\" aria-hidden=\"true\" class=\"wp-block-spacer\"><\/div>\n\n\n\n<h3 class=\"wp-block-heading letter-space s-title uppercase montserrat heavy-weight light-grey\">Dimanche 30 avril 2023 \u00e0 Arsen'alt, Fribourg. <\/h3>\n\n\n\n<div style=\"height:25px\" aria-hidden=\"true\" class=\"wp-block-spacer\"><\/div>\n\n\n\n<p>Inspir\u00e9es par l'\u00e9nergie puissante du printemps, la saison de la croissance et de l'\u00e9panouissement, nous vous accueillons pour une journ\u00e9e pleine de vie et de dynamisme. Une journ\u00e9e pour secouer l'\u00e9nergie dormante de l'hiver et faire circuler une \u00e9nergie fra\u00eeche et nouvelle dans tout votre \u00eatre <br>Yoga, Danse Instinctive, Coaching, Cr\u00e9ativit\u00e9, Partage, et bien plus encore.<br><br>Avec <a href=\"https:\/\/www.instagram.com\/leyogasurmonchemin\/\">Coline Cattin<\/a><br><\/p>\n<\/div>\n\n\n\n<div class=\"wp-block-column is-layout-flow wp-block-column-is-layout-flow\" style=\"flex-basis:25%\">\n<figure class=\"wp-block-image size-large\"><img loading=\"lazy\" decoding=\"async\" width=\"768\" height=\"1024\" src=\"https:\/\/nunam.ch\/wp-content\/uploads\/2023\/06\/PHOTO-2023-04-30-21-04-22-1-768x1024.jpg\" alt=\"\" class=\"wp-image-3286\" srcset=\"https:\/\/nunam.ch\/wp-content\/uploads\/2023\/06\/PHOTO-2023-04-30-21-04-22-1-768x1024.jpg 768w, https:\/\/nunam.ch\/wp-content\/uploads\/2023\/06\/PHOTO-2023-04-30-21-04-22-1-225x300.jpg 225w, https:\/\/nunam.ch\/wp-content\/uploads\/2023\/06\/PHOTO-2023-04-30-21-04-22-1-1152x1536.jpg 1152w, https:\/\/nunam.ch\/wp-content\/uploads\/2023\/06\/PHOTO-2023-04-30-21-04-22-1-9x12.jpg 9w, https:\/\/nunam.ch\/wp-content\/uploads\/2023\/06\/PHOTO-2023-04-30-21-04-22-1-250x333.jpg 250w, https:\/\/nunam.ch\/wp-content\/uploads\/2023\/06\/PHOTO-2023-04-30-21-04-22-1-350x467.jpg 350w, https:\/\/nunam.ch\/wp-content\/uploads\/2023\/06\/PHOTO-2023-04-30-21-04-22-1.jpg 1536w\" sizes=\"auto, (max-width: 706px) 89vw, (max-width: 767px) 82vw, 740px\" \/><\/figure>\n<\/div>\n\n\n\n<div class=\"wp-block-column is-layout-flow wp-block-column-is-layout-flow\" style=\"flex-basis:5%\"><\/div>\n<\/div>\n\n\n\n<div style=\"height:30px\" aria-hidden=\"true\" class=\"wp-block-spacer\"><\/div>\n\n\n\n<div style=\"height:21px\" aria-hidden=\"true\" class=\"wp-block-spacer\"><\/div>\n\n\n\n<hr class=\"wp-block-separator has-alpha-channel-opacity\"\/>\n\n\n\n<div style=\"height:100px\" aria-hidden=\"true\" class=\"wp-block-spacer\"><\/div>\n\n\n\n<div class=\"wp-block-columns is-layout-flex wp-container-core-columns-is-layout-9d6595d7 wp-block-columns-is-layout-flex\">\n<div class=\"wp-block-column is-layout-flow wp-block-column-is-layout-flow\" style=\"flex-basis:5%\"><\/div>\n\n\n\n<div class=\"wp-block-column is-layout-flow wp-block-column-is-layout-flow\">\n<h2 class=\"wp-block-heading m-title red lovelace\">Ateliers de yoga et hydroth\u00e9rapie du samedi<\/h2>\n\n\n\n<div style=\"height:25px\" aria-hidden=\"true\" class=\"wp-block-spacer\"><\/div>\n\n\n\n<p>Certains samedi d'hiver nous organisons en collaboration avec <a href=\"https:\/\/www.eloiseporta-naturopathe.com\/\">Eloise Porta<\/a>, naturopathe dans la r\u00e9gion de la Riviera, des ateliers de yoga et hydroth\u00e9rapie, l'occasion d'allier deux pratiques tr\u00e8s compl\u00e9mentaires et b\u00e9n\u00e9fiques.<br>Ces ateliers ont lieu aux bains des hommes \u00e0 La Tour-de-Peilz.  <em><a href=\"https:\/\/www.instagram.com\/p\/ClhBfMnoZaH\/\">Voir plus...<\/a><\/em><\/p>\n<\/div>\n\n\n\n<div class=\"wp-block-column is-layout-flow wp-block-column-is-layout-flow\" style=\"flex-basis:25%\">\n<figure class=\"wp-block-image size-large\"><img loading=\"lazy\" decoding=\"async\" width=\"2560\" height=\"1919\" src=\"https:\/\/nunam.ch\/wp-content\/uploads\/2023\/01\/VS56282-edited-1-scaled.jpg\" alt=\"Ateliers de yoga et hydroth\u00e9rapie du samedi\" class=\"wp-image-1993\" srcset=\"https:\/\/nunam.ch\/wp-content\/uploads\/2023\/01\/VS56282-edited-1-scaled.jpg 2560w, https:\/\/nunam.ch\/wp-content\/uploads\/2023\/01\/VS56282-edited-1-300x225.jpg 300w, https:\/\/nunam.ch\/wp-content\/uploads\/2023\/01\/VS56282-edited-1-1024x768.jpg 1024w, https:\/\/nunam.ch\/wp-content\/uploads\/2023\/01\/VS56282-edited-1-768x576.jpg 768w, https:\/\/nunam.ch\/wp-content\/uploads\/2023\/01\/VS56282-edited-1-1536x1152.jpg 1536w, https:\/\/nunam.ch\/wp-content\/uploads\/2023\/01\/VS56282-edited-1-2048x1536.jpg 2048w, https:\/\/nunam.ch\/wp-content\/uploads\/2023\/01\/VS56282-edited-1-16x12.jpg 16w, https:\/\/nunam.ch\/wp-content\/uploads\/2023\/01\/VS56282-edited-1-250x187.jpg 250w, https:\/\/nunam.ch\/wp-content\/uploads\/2023\/01\/VS56282-edited-1-350x262.jpg 350w\" sizes=\"auto, (max-width: 706px) 89vw, (max-width: 767px) 82vw, 740px\" \/><\/figure>\n<\/div>\n\n\n\n<div class=\"wp-block-column is-layout-flow wp-block-column-is-layout-flow\" style=\"flex-basis:25%\"><\/div>\n<\/div>","protected":false},"excerpt":{"rendered":"<p>Future events Yoga &amp; C\u00e9ramique Dimanche 1er mars de 13h \u00e0 17h \u00e0 Montreux. Viens prendre soin de ton corps et ton esprit !Atelier yoga &amp; c\u00e9ramique avec du th\u00e9 et p\u00e2tisseries.Un \u00e9v\u00e9nement valou ceramics &amp; nunam \u2728 valou ceramics Previous events Yoga &amp; Sauna : Self-care night Saturday, 22nd March 2025 at Steam on &hellip; <\/p>\n<p class=\"link-more\"><a href=\"https:\/\/nunam.ch\/fr\/workshops\/\" class=\"more-link\">Continuer la lecture<span class=\"screen-reader-text\"> de &laquo;&nbsp;Workshops&nbsp;&raquo;<\/span><\/a><\/p>","protected":false},"author":25,"featured_media":0,"parent":0,"menu_order":0,"comment_status":"closed","ping_status":"closed","template":"","meta":{"footnotes":""},"folder":[97],"class_list":["post-8608","page","type-page","status-publish","hentry"],"yoast_head":"<!-- This site is optimized with the Yoast SEO plugin v27.4 - https:\/\/yoast.com\/product\/yoast-seo-wordpress\/ -->\n<title>Workshops - Nunam<\/title>\n<meta name=\"robots\" content=\"index, follow, max-snippet:-1, max-image-preview:large, max-video-preview:-1\" \/>\n<link rel=\"canonical\" href=\"https:\/\/nunam.ch\/fr\/workshops\/\" \/>\n<meta property=\"og:locale\" content=\"fr_FR\" \/>\n<meta property=\"og:type\" content=\"article\" \/>\n<meta property=\"og:title\" content=\"Workshops - Nunam\" \/>\n<meta property=\"og:description\" content=\"Future events Yoga &amp; C\u00e9ramique Dimanche 1er mars de 13h \u00e0 17h \u00e0 Montreux. Viens prendre soin de ton corps et ton esprit !Atelier yoga &amp; c\u00e9ramique avec du th\u00e9 et p\u00e2tisseries.Un \u00e9v\u00e9nement valou ceramics &amp; nunam \u2728 valou ceramics Previous events Yoga &amp; Sauna : Self-care night Saturday, 22nd March 2025 at Steam on &hellip; Continuer la lecture de &laquo;&nbsp;Workshops&nbsp;&raquo;\" \/>\n<meta property=\"og:url\" content=\"https:\/\/nunam.ch\/fr\/workshops\/\" \/>\n<meta property=\"og:site_name\" content=\"Nunam\" \/>\n<meta property=\"article:modified_time\" content=\"2026-02-06T11:21:13+00:00\" \/>\n<meta property=\"og:image\" content=\"https:\/\/nunam.ch\/wp-content\/uploads\/2026\/02\/WhatsApp-Image-2026-02-06-at-10.40.30-1.jpeg\" \/>\n\t<meta property=\"og:image:width\" content=\"960\" \/>\n\t<meta property=\"og:image:height\" content=\"1200\" \/>\n\t<meta property=\"og:image:type\" content=\"image\/jpeg\" \/>\n<meta name=\"twitter:card\" content=\"summary_large_image\" \/>\n<meta name=\"twitter:label1\" content=\"Dur\u00e9e de lecture estim\u00e9e\" \/>\n\t<meta name=\"twitter:data1\" content=\"3 minutes\" \/>\n<script type=\"application\/ld+json\" class=\"yoast-schema-graph\">{\"@context\":\"https:\\\/\\\/schema.org\",\"@graph\":[{\"@type\":\"WebPage\",\"@id\":\"https:\\\/\\\/nunam.ch\\\/workshops\\\/\",\"url\":\"https:\\\/\\\/nunam.ch\\\/workshops\\\/\",\"name\":\"Workshops - Nunam\",\"isPartOf\":{\"@id\":\"https:\\\/\\\/nunam.ch\\\/fr\\\/#website\"},\"primaryImageOfPage\":{\"@id\":\"https:\\\/\\\/nunam.ch\\\/workshops\\\/#primaryimage\"},\"image\":{\"@id\":\"https:\\\/\\\/nunam.ch\\\/workshops\\\/#primaryimage\"},\"thumbnailUrl\":\"https:\\\/\\\/nunam.ch\\\/wp-content\\\/uploads\\\/2026\\\/02\\\/WhatsApp-Image-2026-02-06-at-10.40.30-1.jpeg\",\"datePublished\":\"2025-02-23T10:51:42+00:00\",\"dateModified\":\"2026-02-06T11:21:13+00:00\",\"breadcrumb\":{\"@id\":\"https:\\\/\\\/nunam.ch\\\/workshops\\\/#breadcrumb\"},\"inLanguage\":\"fr-FR\",\"potentialAction\":[{\"@type\":\"ReadAction\",\"target\":[\"https:\\\/\\\/nunam.ch\\\/workshops\\\/\"]}]},{\"@type\":\"ImageObject\",\"inLanguage\":\"fr-FR\",\"@id\":\"https:\\\/\\\/nunam.ch\\\/workshops\\\/#primaryimage\",\"url\":\"https:\\\/\\\/nunam.ch\\\/wp-content\\\/uploads\\\/2026\\\/02\\\/WhatsApp-Image-2026-02-06-at-10.40.30-1.jpeg\",\"contentUrl\":\"https:\\\/\\\/nunam.ch\\\/wp-content\\\/uploads\\\/2026\\\/02\\\/WhatsApp-Image-2026-02-06-at-10.40.30-1.jpeg\"},{\"@type\":\"BreadcrumbList\",\"@id\":\"https:\\\/\\\/nunam.ch\\\/workshops\\\/#breadcrumb\",\"itemListElement\":[{\"@type\":\"ListItem\",\"position\":1,\"name\":\"Home\",\"item\":\"https:\\\/\\\/nunam.ch\\\/\"},{\"@type\":\"ListItem\",\"position\":2,\"name\":\"Workshops\"}]},{\"@type\":\"WebSite\",\"@id\":\"https:\\\/\\\/nunam.ch\\\/fr\\\/#website\",\"url\":\"https:\\\/\\\/nunam.ch\\\/fr\\\/\",\"name\":\"Nunam\",\"description\":\"a journey to growth\",\"publisher\":{\"@id\":\"https:\\\/\\\/nunam.ch\\\/fr\\\/#organization\"},\"alternateName\":\"Nunam\",\"potentialAction\":[{\"@type\":\"SearchAction\",\"target\":{\"@type\":\"EntryPoint\",\"urlTemplate\":\"https:\\\/\\\/nunam.ch\\\/fr\\\/?s={search_term_string}\"},\"query-input\":{\"@type\":\"PropertyValueSpecification\",\"valueRequired\":true,\"valueName\":\"search_term_string\"}}],\"inLanguage\":\"fr-FR\"},{\"@type\":\"Organization\",\"@id\":\"https:\\\/\\\/nunam.ch\\\/fr\\\/#organization\",\"name\":\"Nunam\",\"url\":\"https:\\\/\\\/nunam.ch\\\/fr\\\/\",\"logo\":{\"@type\":\"ImageObject\",\"inLanguage\":\"fr-FR\",\"@id\":\"https:\\\/\\\/nunam.ch\\\/fr\\\/#\\\/schema\\\/logo\\\/image\\\/\",\"url\":\"https:\\\/\\\/nunam.ch\\\/wp-content\\\/uploads\\\/2021\\\/12\\\/Logo-newsletter.png\",\"contentUrl\":\"https:\\\/\\\/nunam.ch\\\/wp-content\\\/uploads\\\/2021\\\/12\\\/Logo-newsletter.png\",\"width\":2000,\"height\":785,\"caption\":\"Nunam\"},\"image\":{\"@id\":\"https:\\\/\\\/nunam.ch\\\/fr\\\/#\\\/schema\\\/logo\\\/image\\\/\"},\"sameAs\":[\"https:\\\/\\\/www.instagram.com\\\/nunamtogrowth\\\/\"]}]}<\/script>\n<!-- \/ Yoast SEO plugin. -->","yoast_head_json":{"title":"Workshops - Nunam","robots":{"index":"index","follow":"follow","max-snippet":"max-snippet:-1","max-image-preview":"max-image-preview:large","max-video-preview":"max-video-preview:-1"},"canonical":"https:\/\/nunam.ch\/fr\/workshops\/","og_locale":"fr_FR","og_type":"article","og_title":"Workshops - Nunam","og_description":"Future events Yoga &amp; C\u00e9ramique Dimanche 1er mars de 13h \u00e0 17h \u00e0 Montreux. Viens prendre soin de ton corps et ton esprit !Atelier yoga &amp; c\u00e9ramique avec du th\u00e9 et p\u00e2tisseries.Un \u00e9v\u00e9nement valou ceramics &amp; nunam \u2728 valou ceramics Previous events Yoga &amp; Sauna : Self-care night Saturday, 22nd March 2025 at Steam on &hellip; Continuer la lecture de &laquo;&nbsp;Workshops&nbsp;&raquo;","og_url":"https:\/\/nunam.ch\/fr\/workshops\/","og_site_name":"Nunam","article_modified_time":"2026-02-06T11:21:13+00:00","og_image":[{"width":960,"height":1200,"url":"https:\/\/nunam.ch\/wp-content\/uploads\/2026\/02\/WhatsApp-Image-2026-02-06-at-10.40.30-1.jpeg","type":"image\/jpeg"}],"twitter_card":"summary_large_image","twitter_misc":{"Dur\u00e9e de lecture estim\u00e9e":"3 minutes"},"schema":{"@context":"https:\/\/schema.org","@graph":[{"@type":"WebPage","@id":"https:\/\/nunam.ch\/workshops\/","url":"https:\/\/nunam.ch\/workshops\/","name":"Workshops - Nunam","isPartOf":{"@id":"https:\/\/nunam.ch\/fr\/#website"},"primaryImageOfPage":{"@id":"https:\/\/nunam.ch\/workshops\/#primaryimage"},"image":{"@id":"https:\/\/nunam.ch\/workshops\/#primaryimage"},"thumbnailUrl":"https:\/\/nunam.ch\/wp-content\/uploads\/2026\/02\/WhatsApp-Image-2026-02-06-at-10.40.30-1.jpeg","datePublished":"2025-02-23T10:51:42+00:00","dateModified":"2026-02-06T11:21:13+00:00","breadcrumb":{"@id":"https:\/\/nunam.ch\/workshops\/#breadcrumb"},"inLanguage":"fr-FR","potentialAction":[{"@type":"ReadAction","target":["https:\/\/nunam.ch\/workshops\/"]}]},{"@type":"ImageObject","inLanguage":"fr-FR","@id":"https:\/\/nunam.ch\/workshops\/#primaryimage","url":"https:\/\/nunam.ch\/wp-content\/uploads\/2026\/02\/WhatsApp-Image-2026-02-06-at-10.40.30-1.jpeg","contentUrl":"https:\/\/nunam.ch\/wp-content\/uploads\/2026\/02\/WhatsApp-Image-2026-02-06-at-10.40.30-1.jpeg"},{"@type":"BreadcrumbList","@id":"https:\/\/nunam.ch\/workshops\/#breadcrumb","itemListElement":[{"@type":"ListItem","position":1,"name":"Home","item":"https:\/\/nunam.ch\/"},{"@type":"ListItem","position":2,"name":"Workshops"}]},{"@type":"WebSite","@id":"https:\/\/nunam.ch\/fr\/#website","url":"https:\/\/nunam.ch\/fr\/","name":"Nunam","description":"a journey to growth","publisher":{"@id":"https:\/\/nunam.ch\/fr\/#organization"},"alternateName":"Nunam","potentialAction":[{"@type":"SearchAction","target":{"@type":"EntryPoint","urlTemplate":"https:\/\/nunam.ch\/fr\/?s={search_term_string}"},"query-input":{"@type":"PropertyValueSpecification","valueRequired":true,"valueName":"search_term_string"}}],"inLanguage":"fr-FR"},{"@type":"Organization","@id":"https:\/\/nunam.ch\/fr\/#organization","name":"Nunam","url":"https:\/\/nunam.ch\/fr\/","logo":{"@type":"ImageObject","inLanguage":"fr-FR","@id":"https:\/\/nunam.ch\/fr\/#\/schema\/logo\/image\/","url":"https:\/\/nunam.ch\/wp-content\/uploads\/2021\/12\/Logo-newsletter.png","contentUrl":"https:\/\/nunam.ch\/wp-content\/uploads\/2021\/12\/Logo-newsletter.png","width":2000,"height":785,"caption":"Nunam"},"image":{"@id":"https:\/\/nunam.ch\/fr\/#\/schema\/logo\/image\/"},"sameAs":["https:\/\/www.instagram.com\/nunamtogrowth\/"]}]}},"_links":{"self":[{"href":"https:\/\/nunam.ch\/fr\/wp-json\/wp\/v2\/pages\/8608","targetHints":{"allow":["GET"]}}],"collection":[{"href":"https:\/\/nunam.ch\/fr\/wp-json\/wp\/v2\/pages"}],"about":[{"href":"https:\/\/nunam.ch\/fr\/wp-json\/wp\/v2\/types\/page"}],"author":[{"embeddable":true,"href":"https:\/\/nunam.ch\/fr\/wp-json\/wp\/v2\/users\/25"}],"replies":[{"embeddable":true,"href":"https:\/\/nunam.ch\/fr\/wp-json\/wp\/v2\/comments?post=8608"}],"version-history":[{"count":97,"href":"https:\/\/nunam.ch\/fr\/wp-json\/wp\/v2\/pages\/8608\/revisions"}],"predecessor-version":[{"id":9394,"href":"https:\/\/nunam.ch\/fr\/wp-json\/wp\/v2\/pages\/8608\/revisions\/9394"}],"wp:attachment":[{"href":"https:\/\/nunam.ch\/fr\/wp-json\/wp\/v2\/media?parent=8608"}],"wp:term":[{"taxonomy":"folder","embeddable":true,"href":"https:\/\/nunam.ch\/fr\/wp-json\/wp\/v2\/folder?post=8608"}],"curies":[{"name":"wp","href":"https:\/\/api.w.org\/{rel}","templated":true}]}}