{"id":9398,"date":"2026-02-19T10:25:12","date_gmt":"2026-02-19T09:25:12","guid":{"rendered":"https:\/\/nunam.ch\/?page_id=9398"},"modified":"2026-02-27T18:14:13","modified_gmt":"2026-02-27T17:14:13","slug":"terms-of-use-privacy-policy","status":"publish","type":"page","link":"https:\/\/nunam.ch\/fr\/terms-of-use-privacy-policy\/","title":{"rendered":"Terms of Use &amp; Privacy Policy"},"content":{"rendered":"<div class=\"wp-block-columns is-layout-flex wp-container-core-columns-is-layout-9d6595d7 wp-block-columns-is-layout-flex\">\n<div class=\"wp-block-column is-layout-flow wp-block-column-is-layout-flow\" style=\"flex-basis:10%\"><\/div>\n\n\n\n<div class=\"wp-block-column is-layout-flow wp-block-column-is-layout-flow\">\n<p>Conditions G\u00e9n\u00e9rales d\u2019Utilisation <br>Nunam (nunam.ch) par Shanon Maya Sooknah <br>Last updated: February 19, 2026 <br><br>1. Objet <br>Les pr\u00e9sentes Conditions G\u00e9n\u00e9rales r\u00e9gissent l\u2019acc\u00e8s et l\u2019utilisation des services propos\u00e9s par Nunam, prestataire ind\u00e9pendant de yoga et de coaching, accessible via le site nunam.ch. En r\u00e9servant un service, vous acceptez ces conditions. <br><br>2. Services propos\u00e9s <br>Nunam propose : Cours de yoga (en pr\u00e9sentiel et\/ou en ligne)\nS\u00e9ances de coaching individuelles ou en groupe\nAteliers, retraites ou \u00e9v\u00e9nements ponctuels\nLes horaires, tarifs et modalit\u00e9s sont indiqu\u00e9s sur le site ou sur demande. <br><br>3. Inscription et r\u00e9servation <br>Les places sont limit\u00e9es.\nUne confirmation par email est envoy\u00e9e \u00e0 l\u2019inscription.\nLes r\u00e9servations doivent \u00eatre effectu\u00e9es via le site (gestion par Momoyoga).\nLes annulations doivent \u00eatre effectu\u00e9es via son compte : https:\/\/www.momoyoga.com\/nunam\/login <br><br>4. Annulation et report <br>Annulation &gt; 2h avant : remboursement int\u00e9gral ou report possible.\nAnnulation &lt; 2h avant : aucun remboursement, sauf cas de force majeure (\u00e0 discuter).\nAbsence sans annulation : la s\u00e9ance est perdue. <br><br>5. Paiement <br>Secure online payment (card, bank transfer, etc.) or on-site payment (if accepted). Prices are listed in CHF; VAT not applicable. Late payments may incur reminder fees. <br><br>6. Responsabilit\u00e9 <br>Nunam ne saurait \u00eatre tenue responsable des blessures ou accidents survenant pendant les s\u00e9ances, sauf en cas de faute prouv\u00e9e.\nChaque participant s\u2019engage \u00e0 informer Nunam de tout probl\u00e8me de sant\u00e9 avant la s\u00e9ance. <br><br>7. Confidentialit\u00e9 <br>Les donn\u00e9es personnelles sont trait\u00e9es conform\u00e9ment \u00e0 la loi f\u00e9d\u00e9rale suisse sur la protection des donn\u00e9es (LPD).\nElles ne sont utilis\u00e9es que pour la gestion des r\u00e9servations et l\u2019envoi d\u2019informations li\u00e9es aux services.\nDroit d\u2019acc\u00e8s, de rectification et de suppression sur demande. <br><br>8. Propri\u00e9t\u00e9 intellectuelle <br>Tous les contenus (textes, images, vid\u00e9os, sons) sur nunam.ch sont la propri\u00e9t\u00e9 exclusive de Nunam.\nToute reproduction, modification ou diffusion sans autorisation est interdite. <br><br>9. Modification des conditions <br>Nunam se r\u00e9serve le droit de modifier ces conditions \u00e0 tout moment. Les modifications seront publi\u00e9es sur le site et entreront en vigueur imm\u00e9diatement. <br><br>10. Droit applicable et juridiction <br>Ces conditions sont r\u00e9gies par le droit suisse.\nEn cas de litige, les tribunaux du canton de Vaud en Suisse seront seuls comp\u00e9tents. <br><br>11. Contact <br>Pour toute question ou demande : <br>Shanon Maya Sooknah <br>Av. de la Cond\u00e9mine 28 <br>1814 \u2013 La Tour-de-Peilz <br>078 936 63 68 <br>contact@nunam.ch <br>nunam.ch<\/p>\n<\/div>\n\n\n\n<div class=\"wp-block-column is-layout-flow wp-block-column-is-layout-flow\" style=\"flex-basis:20%\"><\/div>\n<\/div>","protected":false},"excerpt":{"rendered":"<p>Terms and Conditions of Use Nunam (nunam.ch) by Shanon Maya Sooknah Last updated: February 19, 2026 1. Purpose These Terms and Conditions govern access to and use of the services offered by Nunam, an independent yoga and coaching provider, accessible via the website nunam.ch. By booking a service, you accept these terms. 2. Services Offered &hellip; <\/p>\n<p class=\"link-more\"><a href=\"https:\/\/nunam.ch\/fr\/terms-of-use-privacy-policy\/\" class=\"more-link\">Continuer la lecture<span class=\"screen-reader-text\"> de &laquo;&nbsp;Terms of Use &amp; Privacy Policy&nbsp;&raquo;<\/span><\/a><\/p>","protected":false},"author":25,"featured_media":0,"parent":0,"menu_order":0,"comment_status":"closed","ping_status":"closed","template":"","meta":{"footnotes":""},"folder":[58],"class_list":["post-9398","page","type-page","status-publish","hentry"],"yoast_head":"<!-- This site is optimized with the Yoast SEO plugin v27.4 - https:\/\/yoast.com\/product\/yoast-seo-wordpress\/ -->\n<title>Terms of Use &amp; Privacy Policy - Nunam<\/title>\n<meta name=\"robots\" content=\"noindex, nofollow\" \/>\n<meta property=\"og:locale\" content=\"fr_FR\" \/>\n<meta property=\"og:type\" content=\"article\" \/>\n<meta property=\"og:title\" content=\"Terms of Use &amp; Privacy Policy - Nunam\" \/>\n<meta property=\"og:description\" content=\"Terms and Conditions of Use Nunam (nunam.ch) by Shanon Maya Sooknah Last updated: February 19, 2026 1. Purpose These Terms and Conditions govern access to and use of the services offered by Nunam, an independent yoga and coaching provider, accessible via the website nunam.ch. By booking a service, you accept these terms. 2. Services Offered &hellip; Continuer la lecture de &laquo;&nbsp;Terms of Use &amp; Privacy Policy&nbsp;&raquo;\" \/>\n<meta property=\"og:url\" content=\"https:\/\/nunam.ch\/fr\/terms-of-use-privacy-policy\/\" \/>\n<meta property=\"og:site_name\" content=\"Nunam\" \/>\n<meta property=\"article:modified_time\" content=\"2026-02-27T17:14:13+00:00\" \/>\n<meta name=\"twitter:card\" content=\"summary_large_image\" \/>\n<meta name=\"twitter:label1\" content=\"Dur\u00e9e de lecture estim\u00e9e\" \/>\n\t<meta name=\"twitter:data1\" content=\"2 minutes\" \/>\n<script type=\"application\/ld+json\" class=\"yoast-schema-graph\">{\"@context\":\"https:\\\/\\\/schema.org\",\"@graph\":[{\"@type\":\"WebPage\",\"@id\":\"https:\\\/\\\/nunam.ch\\\/terms-of-use-privacy-policy\\\/\",\"url\":\"https:\\\/\\\/nunam.ch\\\/terms-of-use-privacy-policy\\\/\",\"name\":\"Terms of Use &amp; Privacy Policy - Nunam\",\"isPartOf\":{\"@id\":\"https:\\\/\\\/nunam.ch\\\/fr\\\/#website\"},\"datePublished\":\"2026-02-19T09:25:12+00:00\",\"dateModified\":\"2026-02-27T17:14:13+00:00\",\"breadcrumb\":{\"@id\":\"https:\\\/\\\/nunam.ch\\\/terms-of-use-privacy-policy\\\/#breadcrumb\"},\"inLanguage\":\"fr-FR\",\"potentialAction\":[{\"@type\":\"ReadAction\",\"target\":[\"https:\\\/\\\/nunam.ch\\\/terms-of-use-privacy-policy\\\/\"]}]},{\"@type\":\"BreadcrumbList\",\"@id\":\"https:\\\/\\\/nunam.ch\\\/terms-of-use-privacy-policy\\\/#breadcrumb\",\"itemListElement\":[{\"@type\":\"ListItem\",\"position\":1,\"name\":\"Home\",\"item\":\"https:\\\/\\\/nunam.ch\\\/\"},{\"@type\":\"ListItem\",\"position\":2,\"name\":\"Terms of Use &amp; Privacy Policy\"}]},{\"@type\":\"WebSite\",\"@id\":\"https:\\\/\\\/nunam.ch\\\/fr\\\/#website\",\"url\":\"https:\\\/\\\/nunam.ch\\\/fr\\\/\",\"name\":\"Nunam\",\"description\":\"a journey to growth\",\"publisher\":{\"@id\":\"https:\\\/\\\/nunam.ch\\\/fr\\\/#organization\"},\"alternateName\":\"Nunam\",\"potentialAction\":[{\"@type\":\"SearchAction\",\"target\":{\"@type\":\"EntryPoint\",\"urlTemplate\":\"https:\\\/\\\/nunam.ch\\\/fr\\\/?s={search_term_string}\"},\"query-input\":{\"@type\":\"PropertyValueSpecification\",\"valueRequired\":true,\"valueName\":\"search_term_string\"}}],\"inLanguage\":\"fr-FR\"},{\"@type\":\"Organization\",\"@id\":\"https:\\\/\\\/nunam.ch\\\/fr\\\/#organization\",\"name\":\"Nunam\",\"url\":\"https:\\\/\\\/nunam.ch\\\/fr\\\/\",\"logo\":{\"@type\":\"ImageObject\",\"inLanguage\":\"fr-FR\",\"@id\":\"https:\\\/\\\/nunam.ch\\\/fr\\\/#\\\/schema\\\/logo\\\/image\\\/\",\"url\":\"https:\\\/\\\/nunam.ch\\\/wp-content\\\/uploads\\\/2021\\\/12\\\/Logo-newsletter.png\",\"contentUrl\":\"https:\\\/\\\/nunam.ch\\\/wp-content\\\/uploads\\\/2021\\\/12\\\/Logo-newsletter.png\",\"width\":2000,\"height\":785,\"caption\":\"Nunam\"},\"image\":{\"@id\":\"https:\\\/\\\/nunam.ch\\\/fr\\\/#\\\/schema\\\/logo\\\/image\\\/\"},\"sameAs\":[\"https:\\\/\\\/www.instagram.com\\\/nunamtogrowth\\\/\"]}]}<\/script>\n<!-- \/ Yoast SEO plugin. -->","yoast_head_json":{"title":"Terms of Use &amp; Privacy Policy - Nunam","robots":{"index":"noindex","follow":"nofollow"},"og_locale":"fr_FR","og_type":"article","og_title":"Terms of Use &amp; Privacy Policy - Nunam","og_description":"Terms and Conditions of Use Nunam (nunam.ch) by Shanon Maya Sooknah Last updated: February 19, 2026 1. Purpose These Terms and Conditions govern access to and use of the services offered by Nunam, an independent yoga and coaching provider, accessible via the website nunam.ch. By booking a service, you accept these terms. 2. Services Offered &hellip; Continuer la lecture de &laquo;&nbsp;Terms of Use &amp; Privacy Policy&nbsp;&raquo;","og_url":"https:\/\/nunam.ch\/fr\/terms-of-use-privacy-policy\/","og_site_name":"Nunam","article_modified_time":"2026-02-27T17:14:13+00:00","twitter_card":"summary_large_image","twitter_misc":{"Dur\u00e9e de lecture estim\u00e9e":"2 minutes"},"schema":{"@context":"https:\/\/schema.org","@graph":[{"@type":"WebPage","@id":"https:\/\/nunam.ch\/terms-of-use-privacy-policy\/","url":"https:\/\/nunam.ch\/terms-of-use-privacy-policy\/","name":"Terms of Use &amp; Privacy Policy - Nunam","isPartOf":{"@id":"https:\/\/nunam.ch\/fr\/#website"},"datePublished":"2026-02-19T09:25:12+00:00","dateModified":"2026-02-27T17:14:13+00:00","breadcrumb":{"@id":"https:\/\/nunam.ch\/terms-of-use-privacy-policy\/#breadcrumb"},"inLanguage":"fr-FR","potentialAction":[{"@type":"ReadAction","target":["https:\/\/nunam.ch\/terms-of-use-privacy-policy\/"]}]},{"@type":"BreadcrumbList","@id":"https:\/\/nunam.ch\/terms-of-use-privacy-policy\/#breadcrumb","itemListElement":[{"@type":"ListItem","position":1,"name":"Home","item":"https:\/\/nunam.ch\/"},{"@type":"ListItem","position":2,"name":"Terms of Use &amp; Privacy Policy"}]},{"@type":"WebSite","@id":"https:\/\/nunam.ch\/fr\/#website","url":"https:\/\/nunam.ch\/fr\/","name":"Nunam","description":"a journey to growth","publisher":{"@id":"https:\/\/nunam.ch\/fr\/#organization"},"alternateName":"Nunam","potentialAction":[{"@type":"SearchAction","target":{"@type":"EntryPoint","urlTemplate":"https:\/\/nunam.ch\/fr\/?s={search_term_string}"},"query-input":{"@type":"PropertyValueSpecification","valueRequired":true,"valueName":"search_term_string"}}],"inLanguage":"fr-FR"},{"@type":"Organization","@id":"https:\/\/nunam.ch\/fr\/#organization","name":"Nunam","url":"https:\/\/nunam.ch\/fr\/","logo":{"@type":"ImageObject","inLanguage":"fr-FR","@id":"https:\/\/nunam.ch\/fr\/#\/schema\/logo\/image\/","url":"https:\/\/nunam.ch\/wp-content\/uploads\/2021\/12\/Logo-newsletter.png","contentUrl":"https:\/\/nunam.ch\/wp-content\/uploads\/2021\/12\/Logo-newsletter.png","width":2000,"height":785,"caption":"Nunam"},"image":{"@id":"https:\/\/nunam.ch\/fr\/#\/schema\/logo\/image\/"},"sameAs":["https:\/\/www.instagram.com\/nunamtogrowth\/"]}]}},"_links":{"self":[{"href":"https:\/\/nunam.ch\/fr\/wp-json\/wp\/v2\/pages\/9398","targetHints":{"allow":["GET"]}}],"collection":[{"href":"https:\/\/nunam.ch\/fr\/wp-json\/wp\/v2\/pages"}],"about":[{"href":"https:\/\/nunam.ch\/fr\/wp-json\/wp\/v2\/types\/page"}],"author":[{"embeddable":true,"href":"https:\/\/nunam.ch\/fr\/wp-json\/wp\/v2\/users\/25"}],"replies":[{"embeddable":true,"href":"https:\/\/nunam.ch\/fr\/wp-json\/wp\/v2\/comments?post=9398"}],"version-history":[{"count":8,"href":"https:\/\/nunam.ch\/fr\/wp-json\/wp\/v2\/pages\/9398\/revisions"}],"predecessor-version":[{"id":9413,"href":"https:\/\/nunam.ch\/fr\/wp-json\/wp\/v2\/pages\/9398\/revisions\/9413"}],"wp:attachment":[{"href":"https:\/\/nunam.ch\/fr\/wp-json\/wp\/v2\/media?parent=9398"}],"wp:term":[{"taxonomy":"folder","embeddable":true,"href":"https:\/\/nunam.ch\/fr\/wp-json\/wp\/v2\/folder?post=9398"}],"curies":[{"name":"wp","href":"https:\/\/api.w.org\/{rel}","templated":true}]}}